{"id":66,"date":"2026-01-08T20:19:01","date_gmt":"2026-01-08T19:19:01","guid":{"rendered":"https:\/\/vivonsneuville.fr\/?page_id=66"},"modified":"2026-01-08T20:19:01","modified_gmt":"2026-01-08T19:19:01","slug":"nous-contacter","status":"publish","type":"page","link":"https:\/\/vivonsneuville.fr\/index.php\/nous-contacter\/","title":{"rendered":"Nous contacter"},"content":{"rendered":"\n<p>Vous souhaitez en savoir plus sur notre projet et notre d\u00e9marche, vous souhaitez nous soutenir ou nous rejoindre, n&rsquo;h\u00e9sitez pas \u00e0 nous contacter\u00a0!<\/p>\n\n\n\n<p><strong>Par courrier \u00e9lectronique<\/strong> : <a href=\"mailto:contact@mieuxvivreneuville.fr\">contact@vivonsneuville.fr<\/a><\/p>\n\n\n\n<p><strong>En remplissant ce formulaire :<\/strong><\/p>\n\n\n\n<div style=\"width:100%; margin:0auto; position:relative;\"><iframe loading=\"lazy\" src=\"https:\/\/framaforms.org\/formulaire-contact-vivons-neuville-1763827035\" width=\"100%\" height=\"950\" border=\"0\" style=\"margin:0 auto;border:none;\"><\/iframe><\/div>\n","protected":false},"excerpt":{"rendered":"<p>Vous souhaitez en savoir plus sur notre projet et notre d\u00e9marche, vous souhaitez nous soutenir ou nous rejoindre, n&rsquo;h\u00e9sitez pas \u00e0 nous contacter\u00a0! Par courrier \u00e9lectronique : contact@vivonsneuville.fr En remplissant ce formulaire :<\/p>\n","protected":false},"author":3,"featured_media":0,"parent":0,"menu_order":0,"comment_status":"closed","ping_status":"closed","template":"","meta":{"footnotes":""},"class_list":["post-66","page","type-page","status-publish","hentry"],"aioseo_notices":[],"_links":{"self":[{"href":"https:\/\/vivonsneuville.fr\/index.php\/wp-json\/wp\/v2\/pages\/66","targetHints":{"allow":["GET"]}}],"collection":[{"href":"https:\/\/vivonsneuville.fr\/index.php\/wp-json\/wp\/v2\/pages"}],"about":[{"href":"https:\/\/vivonsneuville.fr\/index.php\/wp-json\/wp\/v2\/types\/page"}],"author":[{"embeddable":true,"href":"https:\/\/vivonsneuville.fr\/index.php\/wp-json\/wp\/v2\/users\/3"}],"replies":[{"embeddable":true,"href":"https:\/\/vivonsneuville.fr\/index.php\/wp-json\/wp\/v2\/comments?post=66"}],"version-history":[{"count":1,"href":"https:\/\/vivonsneuville.fr\/index.php\/wp-json\/wp\/v2\/pages\/66\/revisions"}],"predecessor-version":[{"id":67,"href":"https:\/\/vivonsneuville.fr\/index.php\/wp-json\/wp\/v2\/pages\/66\/revisions\/67"}],"wp:attachment":[{"href":"https:\/\/vivonsneuville.fr\/index.php\/wp-json\/wp\/v2\/media?parent=66"}],"curies":[{"name":"wp","href":"https:\/\/api.w.org\/{rel}","templated":true}]}}