{"id":52,"date":"2026-01-08T19:35:02","date_gmt":"2026-01-08T18:35:02","guid":{"rendered":"https:\/\/vivonsneuville.fr\/?page_id=52"},"modified":"2026-01-10T21:46:11","modified_gmt":"2026-01-10T20:46:11","slug":"mentions-legales","status":"publish","type":"page","link":"https:\/\/vivonsneuville.fr\/index.php\/mentions-legales\/","title":{"rendered":"Mentions l\u00e9gales"},"content":{"rendered":"\n<h2 class=\"wp-block-heading is-style-text-subtitle has-x-large-font-size\">D\u00e9signation<\/h2>\n\n\n\n<p>vivonsneuville.fr est le site internet de la liste citoyenne solidaire, \u00e9cologiste et sociale <em>Vivons Neuville !<\/em> candidate aux \u00e9lections municipales de Neuville-sur-Sa\u00f4ne.<\/p>\n\n\n\n<p>15 et 22 mars 2026.<\/p>\n\n\n\n<h2 class=\"wp-block-heading is-style-text-subtitle has-x-large-font-size\"><strong>\u00c9diteur<\/strong><\/h2>\n\n\n\n<p class=\"is-style-default\"><strong>Directeur de la publication :<\/strong> Vincent Alamercery, t\u00eate de liste Vivons Neuville !<br><strong>Adresse de contact : <\/strong><a href=\"mailto:contact@mieuxvivreneuville.fr\">contact@vivonsneuville.fr<\/a><\/p>\n\n\n\n<h2 class=\"wp-block-heading is-style-text-subtitle has-x-large-font-size\"><strong>H\u00e9bergement<\/strong><\/h2>\n\n\n\n<p><strong>OVH<\/strong> \u2013 2 rue Kellermann \u2013 59100 ROUBAIX \u2013 France<\/p>\n\n\n\n<p><\/p>\n","protected":false},"excerpt":{"rendered":"<p>D\u00e9signation vivonsneuville.fr est le site internet de la liste citoyenne solidaire, \u00e9cologiste et sociale Vivons Neuville ! candidate aux \u00e9lections municipales de Neuville-sur-Sa\u00f4ne. 15 et 22 mars 2026. \u00c9diteur Directeur de la publication : Vincent Alamercery, t\u00eate de liste Vivons Neuville !Adresse de contact : contact@vivonsneuville.fr H\u00e9bergement OVH \u2013 2 rue Kellermann \u2013 59100 ROUBAIX [&hellip;]<\/p>\n","protected":false},"author":3,"featured_media":0,"parent":0,"menu_order":0,"comment_status":"closed","ping_status":"closed","template":"","meta":{"footnotes":""},"class_list":["post-52","page","type-page","status-publish","hentry"],"aioseo_notices":[],"_links":{"self":[{"href":"https:\/\/vivonsneuville.fr\/index.php\/wp-json\/wp\/v2\/pages\/52","targetHints":{"allow":["GET"]}}],"collection":[{"href":"https:\/\/vivonsneuville.fr\/index.php\/wp-json\/wp\/v2\/pages"}],"about":[{"href":"https:\/\/vivonsneuville.fr\/index.php\/wp-json\/wp\/v2\/types\/page"}],"author":[{"embeddable":true,"href":"https:\/\/vivonsneuville.fr\/index.php\/wp-json\/wp\/v2\/users\/3"}],"replies":[{"embeddable":true,"href":"https:\/\/vivonsneuville.fr\/index.php\/wp-json\/wp\/v2\/comments?post=52"}],"version-history":[{"count":2,"href":"https:\/\/vivonsneuville.fr\/index.php\/wp-json\/wp\/v2\/pages\/52\/revisions"}],"predecessor-version":[{"id":101,"href":"https:\/\/vivonsneuville.fr\/index.php\/wp-json\/wp\/v2\/pages\/52\/revisions\/101"}],"wp:attachment":[{"href":"https:\/\/vivonsneuville.fr\/index.php\/wp-json\/wp\/v2\/media?parent=52"}],"curies":[{"name":"wp","href":"https:\/\/api.w.org\/{rel}","templated":true}]}}