{"id":46,"date":"2025-12-30T15:06:04","date_gmt":"2025-12-30T14:06:04","guid":{"rendered":"https:\/\/vivonsneuville.fr\/?page_id=46"},"modified":"2026-02-20T15:37:07","modified_gmt":"2026-02-20T14:37:07","slug":"notre-programme","status":"publish","type":"page","link":"https:\/\/vivonsneuville.fr\/index.php\/notre-programme\/","title":{"rendered":"Notre programme"},"content":{"rendered":"\n<p class=\"has-large-font-size\">Am\u00e9liorer concr\u00e8tement le quotidien, \u00e0 tous les \u00e2ges de la vie, pour une ville toujours plus agr\u00e9able \u00e0 vivre, qui prot\u00e8ge et inclut tous ses habitants.<\/p>\n\n\n<div class=\"wp-block-aioseo-table-of-contents\"><ul><li><a class=\"aioseo-toc-item\" href=\"#aioseo-un-projet-clair-1\">Un projet clair<\/a><\/li><li><a class=\"aioseo-toc-item\" href=\"#aioseo-un-cadre-de-vie-toujours-plus-respectueux-du-quotidien-8\">Un cadre de vie toujours plus respectueux du quotidien<\/a><\/li><li><a class=\"aioseo-toc-item\" href=\"#aioseo-une-ville-toujours-plus-solidaire-14\">Une ville toujours plus solidaire<\/a><\/li><li><a class=\"aioseo-toc-item\" href=\"#aioseo-une-ville-qui-cree-encore-plus-de-liens-23\">Une ville qui cr\u00e9e encore plus de liens<\/a><\/li><li><a class=\"aioseo-toc-item\" href=\"#aioseo-une-ville-tournee-vers-lavenir-37\">Une ville tourn\u00e9e vers l\u2019avenir<\/a><\/li><li><a class=\"aioseo-toc-item\" href=\"#aioseo-une-ville-encore-plus-sobre-qui-valorise-et-preserve-son-environnement-44\">Une ville encore plus sobre qui valorise et pr\u00e9serve son environnement<\/a><\/li><li><a class=\"aioseo-toc-item\" href=\"#aioseo-une-ville-qui-investit-et-accompagne-leconomie-locale-51\">Une ville qui investit et accompagne l\u2019\u00e9conomie locale<\/a><\/li><\/ul><\/div>\n\n\n<h2 class=\"wp-block-heading\" id=\"aioseo-un-projet-clair-1\">Un projet clair<\/h2>\n\n\n\n<figure class=\"wp-block-image size-large\"><img loading=\"lazy\" decoding=\"async\" width=\"1024\" height=\"578\" src=\"https:\/\/vivonsneuville.fr\/wp-content\/uploads\/2026\/01\/IMG_20250914_120755-1024x578.jpg\" alt=\"Concert\" class=\"wp-image-120\" srcset=\"https:\/\/vivonsneuville.fr\/wp-content\/uploads\/2026\/01\/IMG_20250914_120755-1024x578.jpg 1024w, https:\/\/vivonsneuville.fr\/wp-content\/uploads\/2026\/01\/IMG_20250914_120755-300x169.jpg 300w, https:\/\/vivonsneuville.fr\/wp-content\/uploads\/2026\/01\/IMG_20250914_120755-768x433.jpg 768w, https:\/\/vivonsneuville.fr\/wp-content\/uploads\/2026\/01\/IMG_20250914_120755-1536x866.jpg 1536w, https:\/\/vivonsneuville.fr\/wp-content\/uploads\/2026\/01\/IMG_20250914_120755-2048x1155.jpg 2048w, https:\/\/vivonsneuville.fr\/wp-content\/uploads\/2026\/01\/IMG_20250914_120755-900x508.jpg 900w, https:\/\/vivonsneuville.fr\/wp-content\/uploads\/2026\/01\/IMG_20250914_120755-1280x722.jpg 1280w\" sizes=\"auto, (max-width: 1024px) 100vw, 1024px\" \/><\/figure>\n\n\n\n<p>Nous donnerons plus de place aux jeunes, poursuivrons la transformation des \u00e9coles, accompagnerons toujours mieux nos a\u00een\u00e9s et renforcerons l\u2019action sociale&nbsp;et lutterons contre l\u2019habitat indigne.<\/p>\n\n\n\n<p>Nous ferons \u00e9galement mieux vivre la d\u00e9mocratie locale car une commune forte est une commune qui associe ses habitants aux d\u00e9cisions.<\/p>\n\n\n\n<p>Nous maintiendrons la transition \u00e9cologique au c\u0153ur de notre action, pour pr\u00e9parer l\u2019avenir face \u00e0 l\u2019urgence climatique.<\/p>\n\n\n\n<p>Nous soutiendrons toujours plus le dynamisme \u00e9conomique, associatif, culturel et sportif qui fait la richesse de Neuville et cr\u00e9e ce lien social indispensable entre ses habitants.<\/p>\n\n\n\n<h2 class=\"wp-block-heading\" id=\"aioseo-un-cadre-de-vie-toujours-plus-respectueux-du-quotidien-8\">Un cadre de vie toujours plus respectueux du quotidien<\/h2>\n\n\n\n<figure class=\"wp-block-image size-large\"><img loading=\"lazy\" decoding=\"async\" width=\"1024\" height=\"578\" src=\"https:\/\/vivonsneuville.fr\/wp-content\/uploads\/2026\/01\/IMG_20250621_114120-1024x578.jpg\" alt=\"Inauguration de la rue Victor Hugo pi\u00e9tonnis\u00e9e\" class=\"wp-image-108\" srcset=\"https:\/\/vivonsneuville.fr\/wp-content\/uploads\/2026\/01\/IMG_20250621_114120-1024x578.jpg 1024w, https:\/\/vivonsneuville.fr\/wp-content\/uploads\/2026\/01\/IMG_20250621_114120-300x169.jpg 300w, https:\/\/vivonsneuville.fr\/wp-content\/uploads\/2026\/01\/IMG_20250621_114120-768x433.jpg 768w, https:\/\/vivonsneuville.fr\/wp-content\/uploads\/2026\/01\/IMG_20250621_114120-1536x866.jpg 1536w, https:\/\/vivonsneuville.fr\/wp-content\/uploads\/2026\/01\/IMG_20250621_114120-2048x1155.jpg 2048w, https:\/\/vivonsneuville.fr\/wp-content\/uploads\/2026\/01\/IMG_20250621_114120-900x508.jpg 900w, https:\/\/vivonsneuville.fr\/wp-content\/uploads\/2026\/01\/IMG_20250621_114120-1280x722.jpg 1280w\" sizes=\"auto, (max-width: 1024px) 100vw, 1024px\" \/><\/figure>\n\n\n\n<ul class=\"wp-block-list\">\n<li>Une politique d\u2019urbanisme ambitieuse et concert\u00e9e : le&nbsp;<strong>projet de l\u2019\u00eelot Dugelay<\/strong>&nbsp;(ancienne poste) sera \u00e9labor\u00e9 en lien avec les habitants.<\/li>\n\n\n\n<li>Des <strong>am\u00e9nagements pour toutes les mobilit\u00e9s<\/strong>, avec la&nbsp;cr\u00e9ation d\u2019un couloir de bus avenue Carnot, d\u2019une <strong>passerelle pi\u00e9tons-v\u00e9los<\/strong>, une plus grande amplitude horaire pour les bus, la <strong>s\u00e9curisation renforc\u00e9e des abords des \u00e9coles<\/strong>, la mise en place de p\u00e9dibus et de nouveaux itin\u00e9raires cyclables, la cr\u00e9ation de zones de rencontre, l\u2019acquisition et la <strong>r\u00e9habilitation du parking de l\u2019ancienne gare<\/strong>.<\/li>\n\n\n\n<li>Un <strong>dialogue renforc\u00e9 sur la pr\u00e9vention et la s\u00e9curit\u00e9<\/strong>, avec des r\u00e9unions r\u00e9guli\u00e8res associant gendarmerie, police municipale, associations, commer\u00e7ants et la poursuite de la lutte contre les d\u00e9p\u00f4ts sauvages d\u2019ordures, notamment par l\u2019installation de cam\u00e9ras cibl\u00e9es.<\/li>\n<\/ul>\n\n\n\n<h2 class=\"wp-block-heading\" id=\"aioseo-une-ville-toujours-plus-solidaire-14\"><strong>Une ville toujours plus solidaire<\/strong><\/h2>\n\n\n\n<figure class=\"wp-block-image size-large\"><img loading=\"lazy\" decoding=\"async\" width=\"1024\" height=\"575\" src=\"https:\/\/vivonsneuville.fr\/wp-content\/uploads\/2026\/01\/IMG_6343-1024x575.jpg\" alt=\"Maison de sant\u00e9 pluriprofessionnelle\" class=\"wp-image-112\" srcset=\"https:\/\/vivonsneuville.fr\/wp-content\/uploads\/2026\/01\/IMG_6343-1024x575.jpg 1024w, https:\/\/vivonsneuville.fr\/wp-content\/uploads\/2026\/01\/IMG_6343-300x168.jpg 300w, https:\/\/vivonsneuville.fr\/wp-content\/uploads\/2026\/01\/IMG_6343-768x431.jpg 768w, https:\/\/vivonsneuville.fr\/wp-content\/uploads\/2026\/01\/IMG_6343-1536x862.jpg 1536w, https:\/\/vivonsneuville.fr\/wp-content\/uploads\/2026\/01\/IMG_6343-2048x1150.jpg 2048w, https:\/\/vivonsneuville.fr\/wp-content\/uploads\/2026\/01\/IMG_6343-900x505.jpg 900w, https:\/\/vivonsneuville.fr\/wp-content\/uploads\/2026\/01\/IMG_6343-1280x719.jpg 1280w\" sizes=\"auto, (max-width: 1024px) 100vw, 1024px\" \/><\/figure>\n\n\n\n<ul class=\"wp-block-list\">\n<li>Le d\u00e9veloppement des <strong>activit\u00e9s interg\u00e9n\u00e9rationnelles<\/strong> et une lutte accrue contre l\u2019isolement des seniors, l\u2019encouragement \u00e0 l\u2019organisation des <strong>f\u00eates de quartiers<\/strong>.<\/li>\n\n\n\n<li>L\u2019\u00e9tude d\u2019un projet d\u2019habitat favorisant la <strong>cohabitation et le partage<\/strong> entre g\u00e9n\u00e9rations.<\/li>\n\n\n\n<li>Une veille active de l\u2019<strong>offre de sant\u00e9<\/strong>, le renforcement des actions de pr\u00e9vention \u00e0 la sant\u00e9, au sport-sant\u00e9, \u00e0 la sant\u00e9 mentale et \u00e0 la sant\u00e9 environnement.<\/li>\n\n\n\n<li>L\u2019intensification des <strong>actions de pr\u00e9vention<\/strong> et de lutte contre les addictions et les violences intra-familliales.<\/li>\n\n\n\n<li>Le renforcement du service de coh\u00e9sion sociale et du logement pour mieux accueillir les habitants en difficult\u00e9 et <strong>lutter contre l\u2019exclusion<\/strong>.<\/li>\n\n\n\n<li>La mise \u00e0 disposition de <strong>locaux adapt\u00e9s<\/strong> pour les associations de solidarit\u00e9.<\/li>\n<\/ul>\n\n\n\n<h2 class=\"wp-block-heading\" id=\"aioseo-une-ville-qui-cree-encore-plus-de-liens-23\"><strong>Une ville qui cr\u00e9e encore plus de liens<\/strong><\/h2>\n\n\n\n<figure class=\"wp-block-image size-large\"><img loading=\"lazy\" decoding=\"async\" width=\"1024\" height=\"683\" src=\"https:\/\/vivonsneuville.fr\/wp-content\/uploads\/2026\/02\/Grange-a-paille-1024x683.jpg\" alt=\"\" class=\"wp-image-154\" srcset=\"https:\/\/vivonsneuville.fr\/wp-content\/uploads\/2026\/02\/Grange-a-paille-1024x683.jpg 1024w, https:\/\/vivonsneuville.fr\/wp-content\/uploads\/2026\/02\/Grange-a-paille-300x200.jpg 300w, https:\/\/vivonsneuville.fr\/wp-content\/uploads\/2026\/02\/Grange-a-paille-768x512.jpg 768w, https:\/\/vivonsneuville.fr\/wp-content\/uploads\/2026\/02\/Grange-a-paille-1536x1024.jpg 1536w, https:\/\/vivonsneuville.fr\/wp-content\/uploads\/2026\/02\/Grange-a-paille-2048x1365.jpg 2048w, https:\/\/vivonsneuville.fr\/wp-content\/uploads\/2026\/02\/Grange-a-paille-900x600.jpg 900w, https:\/\/vivonsneuville.fr\/wp-content\/uploads\/2026\/02\/Grange-a-paille-1280x853.jpg 1280w\" sizes=\"auto, (max-width: 1024px) 100vw, 1024px\" \/><\/figure>\n\n\n\n<ul class=\"wp-block-list\">\n<li>Un&nbsp;tissu associatif encore davantage soutenu&nbsp;par la cr\u00e9ation d\u2019une <strong>maison d\u00e9di\u00e9e aux associations<\/strong> dans la Grange \u00e0 Paille, d\u2019un <strong>tiers-lieu<\/strong> et du renforcement des <strong>actions culturelles \u00ab&nbsp;hors les murs&nbsp;\u00bb<\/strong>.<\/li>\n\n\n\n<li>La poursuite de la <strong>r\u00e9novation des \u00e9quipements sportifs<\/strong>, notamment le <strong>terrain synth\u00e9tique<\/strong> du stade de foot et les <strong>salles de gymnastique et de danse<\/strong> de l\u2019espace Margerand, et l&rsquo;appui \u00e0 la <strong>cr\u00e9ation d&rsquo;un section de football f\u00e9minin<\/strong>.<\/li>\n\n\n\n<li>Un soutien r\u00e9affirm\u00e9 au <strong>cin\u00e9ma Rex<\/strong>, par la poursuite de sa r\u00e9novation et la mise en place d\u2019une convention de d\u00e9l\u00e9gation de service public.<\/li>\n\n\n\n<li>Le <strong>r\u00e9am\u00e9nagement de la m\u00e9diath\u00e8que<\/strong> pour un meilleur accueil de tous les publics.<\/li>\n\n\n\n<li>L\u2019organisation d\u2019un <strong>Festival du Go\u00fbt<\/strong> con\u00e7u avec et pour les \u00e9coles, les<br>commer\u00e7ants, les r\u00e9sidences seniors et les associations.<\/li>\n\n\n\n<li>La <strong>mise en valeur de l\u2019histoire humaine et patrimoniale<\/strong> du peuplement de Neuville (Portugal, Afrique du Nord, Europe, r\u00e9gions de France&#8230;).<\/li>\n\n\n\n<li>Le <strong>d\u00e9veloppement de projets intercommunaux<\/strong> dans le Val de Sa\u00f4ne.<\/li>\n\n\n\n<li>La mise en place d\u2019un <strong>budget participatif et d\u2019une plateforme citoyenne<\/strong>, de rencontres habitants r\u00e9guli\u00e8res pour r<strong>endre compte de l\u2019action municipale<\/strong>.<\/li>\n<\/ul>\n\n\n\n<figure class=\"wp-block-gallery has-nested-images columns-default is-cropped wp-block-gallery-1 is-layout-flex wp-block-gallery-is-layout-flex\">\n<figure class=\"wp-block-image size-large\"><img loading=\"lazy\" decoding=\"async\" width=\"1024\" height=\"607\" data-id=\"159\" src=\"https:\/\/vivonsneuville.fr\/wp-content\/uploads\/2026\/02\/Rex-1024x607.jpg\" alt=\"\" class=\"wp-image-159\" srcset=\"https:\/\/vivonsneuville.fr\/wp-content\/uploads\/2026\/02\/Rex-1024x607.jpg 1024w, https:\/\/vivonsneuville.fr\/wp-content\/uploads\/2026\/02\/Rex-300x178.jpg 300w, https:\/\/vivonsneuville.fr\/wp-content\/uploads\/2026\/02\/Rex-768x455.jpg 768w, https:\/\/vivonsneuville.fr\/wp-content\/uploads\/2026\/02\/Rex-1536x910.jpg 1536w, https:\/\/vivonsneuville.fr\/wp-content\/uploads\/2026\/02\/Rex-2048x1213.jpg 2048w, https:\/\/vivonsneuville.fr\/wp-content\/uploads\/2026\/02\/Rex-900x533.jpg 900w, https:\/\/vivonsneuville.fr\/wp-content\/uploads\/2026\/02\/Rex-1280x758.jpg 1280w\" sizes=\"auto, (max-width: 1024px) 100vw, 1024px\" \/><\/figure>\n\n\n\n<figure class=\"wp-block-image size-large\"><img loading=\"lazy\" decoding=\"async\" width=\"1024\" height=\"578\" data-id=\"158\" src=\"https:\/\/vivonsneuville.fr\/wp-content\/uploads\/2026\/02\/Stade-de-foot-1024x578.jpg\" alt=\"\" class=\"wp-image-158\" srcset=\"https:\/\/vivonsneuville.fr\/wp-content\/uploads\/2026\/02\/Stade-de-foot-1024x578.jpg 1024w, https:\/\/vivonsneuville.fr\/wp-content\/uploads\/2026\/02\/Stade-de-foot-300x169.jpg 300w, https:\/\/vivonsneuville.fr\/wp-content\/uploads\/2026\/02\/Stade-de-foot-768x433.jpg 768w, https:\/\/vivonsneuville.fr\/wp-content\/uploads\/2026\/02\/Stade-de-foot-1536x866.jpg 1536w, https:\/\/vivonsneuville.fr\/wp-content\/uploads\/2026\/02\/Stade-de-foot-2048x1155.jpg 2048w, https:\/\/vivonsneuville.fr\/wp-content\/uploads\/2026\/02\/Stade-de-foot-900x508.jpg 900w, https:\/\/vivonsneuville.fr\/wp-content\/uploads\/2026\/02\/Stade-de-foot-1280x722.jpg 1280w\" sizes=\"auto, (max-width: 1024px) 100vw, 1024px\" \/><\/figure>\n<\/figure>\n\n\n\n<h2 class=\"wp-block-heading\" id=\"aioseo-une-ville-tournee-vers-lavenir-37\"><strong>Une ville tourn\u00e9e vers l\u2019avenir<\/strong><\/h2>\n\n\n\n<ul class=\"wp-block-list\">\n<li>L\u2019ouverture d\u2019une&nbsp;<strong>cuisine centrale municipale<\/strong>&nbsp;en septembre 2026, proposant&nbsp;<strong>600 repas par jour<\/strong>, avec&nbsp;<strong>30 % de produits bio et locaux<\/strong>, puis&nbsp;<strong>50 % \u00e0 court terme<\/strong>, et la cr\u00e9ation de cuisines relais et de selfs dans les \u00e9coles Guimet et Bony.<\/li>\n\n\n\n<li>La poursuite de la <strong>v\u00e9g\u00e9talisation des cours d\u2019\u00e9cole<\/strong>, la cr\u00e9ation d\u2019un <strong>accueil de loisir unique<\/strong> \u00e0 l\u2019espace Margerand.<\/li>\n\n\n\n<li>L\u2019accueil d\u2019une <strong>classe Ulis<\/strong> autisme.<\/li>\n\n\n\n<li>Le renforcement de la politique pour les adolescents, avec des projets <strong>port\u00e9s par les jeunes<\/strong>, la cr\u00e9ation de lieux d\u00e9di\u00e9s et la mise en place d\u2019outils concrets comme la bourse de stages et l\u2019aide au BAFA.<\/li>\n<\/ul>\n\n\n\n<figure class=\"wp-block-image size-large\"><img loading=\"lazy\" decoding=\"async\" width=\"1024\" height=\"683\" src=\"https:\/\/vivonsneuville.fr\/wp-content\/uploads\/2026\/02\/Ecole-Eric-Bellot-1024x683.jpg\" alt=\"\" class=\"wp-image-155\" srcset=\"https:\/\/vivonsneuville.fr\/wp-content\/uploads\/2026\/02\/Ecole-Eric-Bellot-1024x683.jpg 1024w, https:\/\/vivonsneuville.fr\/wp-content\/uploads\/2026\/02\/Ecole-Eric-Bellot-300x200.jpg 300w, https:\/\/vivonsneuville.fr\/wp-content\/uploads\/2026\/02\/Ecole-Eric-Bellot-768x512.jpg 768w, https:\/\/vivonsneuville.fr\/wp-content\/uploads\/2026\/02\/Ecole-Eric-Bellot-1536x1024.jpg 1536w, https:\/\/vivonsneuville.fr\/wp-content\/uploads\/2026\/02\/Ecole-Eric-Bellot-2048x1365.jpg 2048w, https:\/\/vivonsneuville.fr\/wp-content\/uploads\/2026\/02\/Ecole-Eric-Bellot-900x600.jpg 900w, https:\/\/vivonsneuville.fr\/wp-content\/uploads\/2026\/02\/Ecole-Eric-Bellot-1280x853.jpg 1280w\" sizes=\"auto, (max-width: 1024px) 100vw, 1024px\" \/><\/figure>\n\n\n\n<h2 class=\"wp-block-heading\" id=\"aioseo-une-ville-encore-plus-sobre-qui-valorise-et-preserve-son-environnement-44\"><strong>Une ville encore plus sobre qui valorise et pr\u00e9serve son environnement<\/strong><\/h2>\n\n\n\n<ul class=\"wp-block-list\">\n<li>La <strong>r\u00e9novation \u00e9nerg\u00e9tique<\/strong> de l\u2019\u00e9cole \u00c9ric Bellot et de la r\u00e9sidence senior Ducrot-Pauffert, le d\u00e9ploiement de <strong>panneaux photovolta\u00efques<\/strong>, la cr\u00e9ation d\u2019un <strong>r\u00e9seau de chaleur<\/strong> en lien avec la cuisine centrale.<\/li>\n\n\n\n<li>Une <strong>nature mieux int\u00e9gr\u00e9e<\/strong> en ville par le d\u00e9veloppement de continuit\u00e9s \u00e9cologiques, une meilleure pr\u00e9servation de la biodiversit\u00e9 en ville et dans le Vallon des Torri\u00e8res, le d\u00e9veloppement de jardins partag\u00e9s et une politique d\u2019espaces verts adapt\u00e9e au changement climatique \u00ab <strong>objectif 3e fleur<\/strong> \u00bb.<\/li>\n<\/ul>\n\n\n\n<figure class=\"wp-block-gallery has-nested-images columns-default is-cropped wp-block-gallery-2 is-layout-flex wp-block-gallery-is-layout-flex\">\n<figure class=\"wp-block-image size-large\"><img loading=\"lazy\" decoding=\"async\" width=\"1024\" height=\"651\" data-id=\"161\" src=\"https:\/\/vivonsneuville.fr\/wp-content\/uploads\/2026\/02\/Ducrot-Pauffert-1-1024x651.jpg\" alt=\"\" class=\"wp-image-161\" srcset=\"https:\/\/vivonsneuville.fr\/wp-content\/uploads\/2026\/02\/Ducrot-Pauffert-1-1024x651.jpg 1024w, https:\/\/vivonsneuville.fr\/wp-content\/uploads\/2026\/02\/Ducrot-Pauffert-1-300x191.jpg 300w, https:\/\/vivonsneuville.fr\/wp-content\/uploads\/2026\/02\/Ducrot-Pauffert-1-768x488.jpg 768w, https:\/\/vivonsneuville.fr\/wp-content\/uploads\/2026\/02\/Ducrot-Pauffert-1-1536x977.jpg 1536w, https:\/\/vivonsneuville.fr\/wp-content\/uploads\/2026\/02\/Ducrot-Pauffert-1-2048x1302.jpg 2048w, https:\/\/vivonsneuville.fr\/wp-content\/uploads\/2026\/02\/Ducrot-Pauffert-1-900x572.jpg 900w, https:\/\/vivonsneuville.fr\/wp-content\/uploads\/2026\/02\/Ducrot-Pauffert-1-1280x814.jpg 1280w\" sizes=\"auto, (max-width: 1024px) 100vw, 1024px\" \/><\/figure>\n\n\n\n<figure class=\"wp-block-image size-large\"><img loading=\"lazy\" decoding=\"async\" width=\"1024\" height=\"578\" data-id=\"119\" src=\"https:\/\/vivonsneuville.fr\/wp-content\/uploads\/2026\/01\/IMG_20250426_140506-1024x578.jpg\" alt=\"Mare\" class=\"wp-image-119\" srcset=\"https:\/\/vivonsneuville.fr\/wp-content\/uploads\/2026\/01\/IMG_20250426_140506-1024x578.jpg 1024w, https:\/\/vivonsneuville.fr\/wp-content\/uploads\/2026\/01\/IMG_20250426_140506-300x169.jpg 300w, https:\/\/vivonsneuville.fr\/wp-content\/uploads\/2026\/01\/IMG_20250426_140506-768x433.jpg 768w, https:\/\/vivonsneuville.fr\/wp-content\/uploads\/2026\/01\/IMG_20250426_140506-1536x866.jpg 1536w, https:\/\/vivonsneuville.fr\/wp-content\/uploads\/2026\/01\/IMG_20250426_140506-2048x1155.jpg 2048w, https:\/\/vivonsneuville.fr\/wp-content\/uploads\/2026\/01\/IMG_20250426_140506-900x508.jpg 900w, https:\/\/vivonsneuville.fr\/wp-content\/uploads\/2026\/01\/IMG_20250426_140506-1280x722.jpg 1280w\" sizes=\"auto, (max-width: 1024px) 100vw, 1024px\" \/><\/figure>\n<\/figure>\n\n\n\n<h2 class=\"wp-block-heading\" id=\"aioseo-une-ville-qui-investit-et-accompagne-leconomie-locale-51\"><strong>Une ville qui investit et accompagne l\u2019\u00e9conomie locale<\/strong><\/h2>\n\n\n\n<ul class=\"wp-block-list\">\n<li>Le renforcement du&nbsp;<strong>service d\u00e9di\u00e9 \u00e0 l\u2019\u00e9conomie locale<\/strong> en lien avec <strong>l\u2019association des commer\u00e7ants.<\/strong><\/li>\n\n\n\n<li>Le soutien au d\u00e9veloppement de la <strong>Zone d\u2019activit\u00e9 \u00e9conomique<\/strong> \u00ab&nbsp;en Champagne&nbsp;\u00bb route de Tr\u00e9voux.<\/li>\n\n\n\n<li>La <strong>pr\u00e9servation du commerce<\/strong> de centre-ville avec l\u2019instauration d\u2019une taxe sur les locaux vacants et d\u2019une zone de pr\u00e9emption commerciale.<\/li>\n\n\n\n<li>La <strong>valorisation des&nbsp;artisans et commer\u00e7ants neuvillois<\/strong>, avec la mise en avant de leur savoir-faire dans les supports de communication municipaux et le d\u00e9veloppement du <strong>tourisme local<\/strong>.<\/li>\n<\/ul>\n\n\n\n<figure class=\"wp-block-image size-large\"><img loading=\"lazy\" decoding=\"async\" width=\"1024\" height=\"578\" src=\"https:\/\/vivonsneuville.fr\/wp-content\/uploads\/2026\/01\/IMG_20250405_192602-1024x578.jpg\" alt=\"D\u00e9fil\u00e9 des commer\u00e7ants\" class=\"wp-image-116\" srcset=\"https:\/\/vivonsneuville.fr\/wp-content\/uploads\/2026\/01\/IMG_20250405_192602-1024x578.jpg 1024w, https:\/\/vivonsneuville.fr\/wp-content\/uploads\/2026\/01\/IMG_20250405_192602-300x169.jpg 300w, https:\/\/vivonsneuville.fr\/wp-content\/uploads\/2026\/01\/IMG_20250405_192602-768x433.jpg 768w, https:\/\/vivonsneuville.fr\/wp-content\/uploads\/2026\/01\/IMG_20250405_192602-1536x866.jpg 1536w, https:\/\/vivonsneuville.fr\/wp-content\/uploads\/2026\/01\/IMG_20250405_192602-2048x1155.jpg 2048w, https:\/\/vivonsneuville.fr\/wp-content\/uploads\/2026\/01\/IMG_20250405_192602-900x508.jpg 900w, https:\/\/vivonsneuville.fr\/wp-content\/uploads\/2026\/01\/IMG_20250405_192602-1280x722.jpg 1280w\" sizes=\"auto, (max-width: 1024px) 100vw, 1024px\" \/><\/figure>\n\n\n\n<p><\/p>\n","protected":false},"excerpt":{"rendered":"<p>Am\u00e9liorer concr\u00e8tement le quotidien, \u00e0 tous les \u00e2ges de la vie, pour une ville toujours plus agr\u00e9able \u00e0 vivre, qui prot\u00e8ge et inclut tous ses habitants. Un projet clair Nous donnerons plus de place aux jeunes, poursuivrons la transformation des \u00e9coles, accompagnerons toujours mieux nos a\u00een\u00e9s et renforcerons l\u2019action sociale&nbsp;et lutterons contre l\u2019habitat indigne. Nous [&hellip;]<\/p>\n","protected":false},"author":2,"featured_media":0,"parent":0,"menu_order":0,"comment_status":"closed","ping_status":"closed","template":"","meta":{"footnotes":""},"class_list":["post-46","page","type-page","status-publish","hentry"],"aioseo_notices":[],"_links":{"self":[{"href":"https:\/\/vivonsneuville.fr\/index.php\/wp-json\/wp\/v2\/pages\/46","targetHints":{"allow":["GET"]}}],"collection":[{"href":"https:\/\/vivonsneuville.fr\/index.php\/wp-json\/wp\/v2\/pages"}],"about":[{"href":"https:\/\/vivonsneuville.fr\/index.php\/wp-json\/wp\/v2\/types\/page"}],"author":[{"embeddable":true,"href":"https:\/\/vivonsneuville.fr\/index.php\/wp-json\/wp\/v2\/users\/2"}],"replies":[{"embeddable":true,"href":"https:\/\/vivonsneuville.fr\/index.php\/wp-json\/wp\/v2\/comments?post=46"}],"version-history":[{"count":13,"href":"https:\/\/vivonsneuville.fr\/index.php\/wp-json\/wp\/v2\/pages\/46\/revisions"}],"predecessor-version":[{"id":191,"href":"https:\/\/vivonsneuville.fr\/index.php\/wp-json\/wp\/v2\/pages\/46\/revisions\/191"}],"wp:attachment":[{"href":"https:\/\/vivonsneuville.fr\/index.php\/wp-json\/wp\/v2\/media?parent=46"}],"curies":[{"name":"wp","href":"https:\/\/api.w.org\/{rel}","templated":true}]}}