{"id":261,"date":"2026-03-23T17:38:01","date_gmt":"2026-03-23T16:38:01","guid":{"rendered":"https:\/\/vivonsneuville.fr\/?page_id=261"},"modified":"2026-03-23T17:38:02","modified_gmt":"2026-03-23T16:38:02","slug":"merci","status":"publish","type":"page","link":"https:\/\/vivonsneuville.fr\/","title":{"rendered":"Merci."},"content":{"rendered":"\n<p>Merci aux 1100 \u00e9lectrices et \u00e9lecteurs qui nous ont accord\u00e9 leur confiance au second tour. Votre soutien est pr\u00e9cieux, il nous oblige et il nous honore.<br>Merci aussi \u00e0 toutes celles et ceux qui se sont engag\u00e9s dans cette campagne. Une campagne faite de rencontres, d\u2019\u00e9changes, d\u2019id\u00e9es, men\u00e9e avec conviction, respect et sinc\u00e9rit\u00e9.<br><br>Nous avons port\u00e9 un projet clair : solidaire, \u00e9cologique et ancr\u00e9 dans le r\u00e9el. Ce projet ne dispara\u00eet pas ce soir. Il continuera de vivre, autrement, avec la m\u00eame \u00e9nergie et la m\u00eame d\u00e9termination.<br><br>Il nous a manqu\u00e9 27 petites voix pour concr\u00e9tiser ce projet.<br><br>Mais la vie d\u00e9mocratique ne s\u2019arr\u00eate pas \u00e0 une \u00e9lection. Nous resterons pleinement engag\u00e9s pour Neuville, attentifs \u00e0 vos attentes, vigilants sur les d\u00e9cisions prises, et toujours force de proposition.<br><br>Rien ne s\u2019arr\u00eate. Au contraire, tout commence autrement.<\/p>\n\n\n\n<figure class=\"wp-block-image size-full\"><img loading=\"lazy\" decoding=\"async\" width=\"743\" height=\"473\" src=\"https:\/\/vivonsneuville.fr\/wp-content\/uploads\/2025\/11\/vivons-logo-carre.png\" alt=\"\" class=\"wp-image-10\" srcset=\"https:\/\/vivonsneuville.fr\/wp-content\/uploads\/2025\/11\/vivons-logo-carre.png 743w, https:\/\/vivonsneuville.fr\/wp-content\/uploads\/2025\/11\/vivons-logo-carre-300x191.png 300w\" sizes=\"auto, (max-width: 743px) 100vw, 743px\" \/><\/figure>\n","protected":false},"excerpt":{"rendered":"<p>Merci aux 1100 \u00e9lectrices et \u00e9lecteurs qui nous ont accord\u00e9 leur confiance au second tour. Votre soutien est pr\u00e9cieux, il nous oblige et il nous honore.Merci aussi \u00e0 toutes celles et ceux qui se sont engag\u00e9s dans cette campagne. Une campagne faite de rencontres, d\u2019\u00e9changes, d\u2019id\u00e9es, men\u00e9e avec conviction, respect et sinc\u00e9rit\u00e9. Nous avons port\u00e9 [&hellip;]<\/p>\n","protected":false},"author":3,"featured_media":0,"parent":0,"menu_order":0,"comment_status":"closed","ping_status":"closed","template":"","meta":{"footnotes":""},"class_list":["post-261","page","type-page","status-publish","hentry"],"aioseo_notices":[],"_links":{"self":[{"href":"https:\/\/vivonsneuville.fr\/index.php\/wp-json\/wp\/v2\/pages\/261","targetHints":{"allow":["GET"]}}],"collection":[{"href":"https:\/\/vivonsneuville.fr\/index.php\/wp-json\/wp\/v2\/pages"}],"about":[{"href":"https:\/\/vivonsneuville.fr\/index.php\/wp-json\/wp\/v2\/types\/page"}],"author":[{"embeddable":true,"href":"https:\/\/vivonsneuville.fr\/index.php\/wp-json\/wp\/v2\/users\/3"}],"replies":[{"embeddable":true,"href":"https:\/\/vivonsneuville.fr\/index.php\/wp-json\/wp\/v2\/comments?post=261"}],"version-history":[{"count":1,"href":"https:\/\/vivonsneuville.fr\/index.php\/wp-json\/wp\/v2\/pages\/261\/revisions"}],"predecessor-version":[{"id":262,"href":"https:\/\/vivonsneuville.fr\/index.php\/wp-json\/wp\/v2\/pages\/261\/revisions\/262"}],"wp:attachment":[{"href":"https:\/\/vivonsneuville.fr\/index.php\/wp-json\/wp\/v2\/media?parent=261"}],"curies":[{"name":"wp","href":"https:\/\/api.w.org\/{rel}","templated":true}]}}